{"id":10,"date":"2016-03-15T00:01:30","date_gmt":"2016-03-14T23:01:30","guid":{"rendered":"http:\/\/kunsthaus-kende.de\/www\/?page_id=10"},"modified":"2023-09-21T16:09:19","modified_gmt":"2023-09-21T14:09:19","slug":"ueber-uns","status":"publish","type":"page","link":"https:\/\/kunsthaus-kende.de\/en\/ueber-uns\/","title":{"rendered":"About us"},"content":{"rendered":"<div class=\"gb-container gb-container-95f45c80\"><div class=\"gb-inside-container\">\n<div class=\"gb-grid-wrapper gb-grid-wrapper-779b14a4\">\n<div class=\"gb-grid-column gb-grid-column-60c49e70\"><div class=\"gb-container gb-container-60c49e70\"><div class=\"gb-inside-container\">\n\n<h1 class=\"gb-headline gb-headline-29c0d064 gb-headline-text\"><mark class=\"gb-highlight\">\u00dcber uns<\/mark><\/h1>\n\n<\/div><\/div><\/div>\n<\/div>\n<\/div><\/div>\n\n\n<p>&nbsp;<\/p>\n\n\n\n<div style=\"height:100px\" aria-hidden=\"true\" class=\"wp-block-spacer\"><\/div>\n\n\n<div class=\"gb-grid-wrapper gb-grid-wrapper-f5504dcc\">\n<div class=\"gb-grid-column gb-grid-column-b68bb42e\"><div class=\"gb-container gb-container-b68bb42e\"><div class=\"gb-inside-container\">\n\n<p>Christopher Kende already had an affinity and interest in old art and antiques as an adolescent, and the resulting passion for collecting antiques led to the idea of turning his passion into a profession.<\/p>\n\n\n\n<div class=\"wp-block-image\"><figure class=\"alignright\"><img loading=\"lazy\" decoding=\"async\" width=\"300\" height=\"300\" src=\"https:\/\/kunsthaus-kende.de\/wp-content\/uploads\/Portrait_ChrisKen_2020_1500x1500px_semitrans85-300x300.png\" alt=\"\" class=\"wp-image-8752\" srcset=\"https:\/\/kunsthaus-kende.de\/wp-content\/uploads\/Portrait_ChrisKen_2020_1500x1500px_semitrans85-300x300.png 300w, https:\/\/kunsthaus-kende.de\/wp-content\/uploads\/Portrait_ChrisKen_2020_1500x1500px_semitrans85-1024x1024.png 1024w, https:\/\/kunsthaus-kende.de\/wp-content\/uploads\/Portrait_ChrisKen_2020_1500x1500px_semitrans85-150x150.png 150w, https:\/\/kunsthaus-kende.de\/wp-content\/uploads\/Portrait_ChrisKen_2020_1500x1500px_semitrans85-1200x1200.png 1200w, https:\/\/kunsthaus-kende.de\/wp-content\/uploads\/Portrait_ChrisKen_2020_1500x1500px_semitrans85-640x640.png 640w, https:\/\/kunsthaus-kende.de\/wp-content\/uploads\/Portrait_ChrisKen_2020_1500x1500px_semitrans85.png 1500w\" sizes=\"auto, (max-width: 300px) 100vw, 300px\" \/><\/figure><\/div>\n\n\n\n<p><br>In 2004, at the beginning of his studies, Christopher Kende opened his gallery <strong>Kunsthaus Kende<\/strong> in the old town of the university city of T\u00fcbingen (Southern Germany) as an antique shop with the broad selection typical of antique shops. The initially universal character of the gallery gradually changed, however, as antique silver increasingly became the focus of the business.&nbsp; After successfully completing his studies in art history, the quality profile of the shop was increasingly oriented towards the international art market and the first participations in art and antique fairs followed. As a result, the local shop was closed in January 2016 after twelve years. Instead, the business now concentrated on participating in fairs, with a selection of objects being presented exclusively at important art fairs in Germany and other European countries.<br>Over the years, Kunsthaus Kende has become a constant within the German art trade and is one of the few galleries in Continental Europe to deal exclusively with artworks in silver. With his many years of expertise and specialisation in silver artworks Christopher Kende is today a member of the KD (Verband Deutscher Kunsthandel [German Art Trade Association]) as well as of the international art trade association CINOA (Conf\u00e9d\u00e9ration Internationale des N\u00e9gociants en Oeuvres d&#8217;Art).<\/p>\n\n\n\n<p>Since every period and every style had produced outstanding silver works, there followed a shift away from a temporal fixation on antique silver alone. The antiques in silver were now juxtaposed with highly qualitative modern silver works by young artists. Today, the central idea of the gallery is to mediate between antique silver (which form the category <em>Classics<\/em>) and modern silver works by contemporary artists (category <em>Next Generation<\/em>). While in the past silver had a connotation of being antiquated, elitist and superannuated, especially among younger people, a steady change has been noticeable for a few years now and silver is increasingly regaining the attention of younger buyers. However, only a small number of people are still aware that there are modern creations by extremely creative artist silversmiths who do not limit themselves to modern silverware and silver cutlery only, but pursue their own creative approaches and develop surprising new interpretations of traditional objects in silver such as vases, bowls, trays and even tea services, using the classic working techniques of a silversmith. &#8220;Modern&#8221; silver is therefore no longer limited to the modernist creations of the 1960s or 70s. With their often extremely contrasting creations in silver, modern artist silversmiths have long since made the transition to the 21st century and are reviving this ancient craftsmanship. While until a few years ago stainless steel was the preferred medium of a younger generation for cutlery and furnishings, silver is experiencing a renaissance as a symbol of quality and lasting value &#8211; not least in times of punitive interest rates and monetary depreciation &#8211; and is returning to the consciousness of demanding, young buyers.<\/p>\n\n\n\n<p>Of course, we are <span class=\"syn\">consistently<\/span> interested in acquiring high-quality individual silver works, services or complete estates. For further details, please refer to the section &#8220;<a href=\"https:\/\/kunsthaus-kende.de\/en\/unsere-leistungen\/\">Our Services<\/a>&#8220;.<\/p>\n\n<\/div><\/div><\/div>\n<\/div>\n\n\n<p><span style=\"font-size: 1em;\"> <\/span><\/p>\n\n\n\n<div style=\"height:100px\" aria-hidden=\"true\" class=\"wp-block-spacer\"><\/div>","protected":false},"excerpt":{"rendered":"","protected":false},"author":5,"featured_media":0,"parent":0,"menu_order":4,"comment_status":"closed","ping_status":"closed","template":"","meta":{"footnotes":""},"class_list":["post-10","page","type-page","status-publish"],"yoast_head":"<!-- This site is optimized with the Yoast SEO plugin v27.3 - https:\/\/yoast.com\/product\/yoast-seo-wordpress\/ -->\n<title>About us &#8211; Kunsthaus Kende<\/title>\n<meta name=\"robots\" content=\"index, follow, max-snippet:-1, max-image-preview:large, max-video-preview:-1\" \/>\n<link rel=\"canonical\" href=\"https:\/\/kunsthaus-kende.de\/en\/ueber-uns\/\" \/>\n<meta property=\"og:locale\" content=\"en_US\" \/>\n<meta property=\"og:type\" content=\"article\" \/>\n<meta property=\"og:title\" content=\"About us &#8211; Kunsthaus Kende\" \/>\n<meta property=\"og:url\" content=\"https:\/\/kunsthaus-kende.de\/en\/ueber-uns\/\" \/>\n<meta property=\"og:site_name\" content=\"Kunsthaus Kende\" \/>\n<meta property=\"article:modified_time\" content=\"2023-09-21T14:09:19+00:00\" \/>\n<meta property=\"og:image\" content=\"https:\/\/kunsthaus-kende.de\/wp-content\/uploads\/Portrait_ChrisKen_2020_1500x1500px_semitrans85-300x300.png\" \/>\n<meta name=\"twitter:card\" content=\"summary_large_image\" \/>\n<meta name=\"twitter:label1\" content=\"Est. reading time\" \/>\n\t<meta name=\"twitter:data1\" content=\"5 minutes\" \/>\n<script type=\"application\/ld+json\" class=\"yoast-schema-graph\">{\"@context\":\"https:\\\/\\\/schema.org\",\"@graph\":[{\"@type\":\"WebPage\",\"@id\":\"https:\\\/\\\/kunsthaus-kende.de\\\/en\\\/ueber-uns\\\/\",\"url\":\"https:\\\/\\\/kunsthaus-kende.de\\\/en\\\/ueber-uns\\\/\",\"name\":\"About us &#8211; Kunsthaus Kende\",\"isPartOf\":{\"@id\":\"https:\\\/\\\/kunsthaus-kende.de\\\/en\\\/#website\"},\"primaryImageOfPage\":{\"@id\":\"https:\\\/\\\/kunsthaus-kende.de\\\/en\\\/ueber-uns\\\/#primaryimage\"},\"image\":{\"@id\":\"https:\\\/\\\/kunsthaus-kende.de\\\/ueber-uns\\\/#primaryimage\"},\"thumbnailUrl\":\"https:\\\/\\\/kunsthaus-kende.de\\\/wp-content\\\/uploads\\\/Portrait_ChrisKen_2020_1500x1500px_semitrans85-300x300.png\",\"datePublished\":\"2016-03-14T23:01:30+00:00\",\"dateModified\":\"2023-09-21T14:09:19+00:00\",\"breadcrumb\":{\"@id\":\"https:\\\/\\\/kunsthaus-kende.de\\\/en\\\/ueber-uns\\\/#breadcrumb\"},\"inLanguage\":\"en-US\",\"potentialAction\":[{\"@type\":\"ReadAction\",\"target\":[[\"https:\\\/\\\/kunsthaus-kende.de\\\/en\\\/ueber-uns\\\/\"]]}]},{\"@type\":\"ImageObject\",\"inLanguage\":\"en-US\",\"@id\":\"https:\\\/\\\/kunsthaus-kende.de\\\/en\\\/ueber-uns\\\/#primaryimage\",\"url\":\"https:\\\/\\\/kunsthaus-kende.de\\\/wp-content\\\/uploads\\\/Portrait_ChrisKen_2020_1500x1500px_semitrans85-300x300.png\",\"contentUrl\":\"https:\\\/\\\/kunsthaus-kende.de\\\/wp-content\\\/uploads\\\/Portrait_ChrisKen_2020_1500x1500px_semitrans85-300x300.png\"},{\"@type\":\"BreadcrumbList\",\"@id\":\"https:\\\/\\\/kunsthaus-kende.de\\\/en\\\/ueber-uns\\\/#breadcrumb\",\"itemListElement\":[{\"@type\":\"ListItem\",\"position\":1,\"name\":\"Startseite\",\"item\":\"https:\\\/\\\/kunsthaus-kende.de\\\/en\\\/\"},{\"@type\":\"ListItem\",\"position\":2,\"name\":\"\u00dcber uns\"}]},{\"@type\":\"WebSite\",\"@id\":\"https:\\\/\\\/kunsthaus-kende.de\\\/en\\\/#website\",\"url\":\"https:\\\/\\\/kunsthaus-kende.de\\\/en\\\/\",\"name\":\"Kunsthaus Kende\",\"description\":\"Antikes Silber und Design in Silber\",\"publisher\":{\"@id\":\"https:\\\/\\\/kunsthaus-kende.de\\\/en\\\/#organization\"},\"potentialAction\":[{\"@type\":\"SearchAction\",\"target\":{\"@type\":\"EntryPoint\",\"urlTemplate\":\"https:\\\/\\\/kunsthaus-kende.de\\\/en\\\/?s={search_term_string}\"},\"query-input\":{\"@type\":\"PropertyValueSpecification\",\"valueRequired\":true,\"valueName\":\"search_term_string\"}}],\"inLanguage\":\"en-US\"},{\"@type\":\"Organization\",\"@id\":\"https:\\\/\\\/kunsthaus-kende.de\\\/en\\\/#organization\",\"name\":\"Kunsthaus Kende\",\"url\":\"https:\\\/\\\/kunsthaus-kende.de\\\/en\\\/\",\"logo\":{\"@type\":\"ImageObject\",\"inLanguage\":\"en-US\",\"@id\":\"https:\\\/\\\/kunsthaus-kende.de\\\/en\\\/#\\\/schema\\\/logo\\\/image\\\/\",\"url\":\"https:\\\/\\\/kunsthaus-kende.de\\\/wp-content\\\/uploads\\\/cropped-Kende_Logo_CW2016_72dpi_800x320px_neg-1.jpg\",\"contentUrl\":\"https:\\\/\\\/kunsthaus-kende.de\\\/wp-content\\\/uploads\\\/cropped-Kende_Logo_CW2016_72dpi_800x320px_neg-1.jpg\",\"width\":800,\"height\":317,\"caption\":\"Kunsthaus Kende\"},\"image\":{\"@id\":\"https:\\\/\\\/kunsthaus-kende.de\\\/en\\\/#\\\/schema\\\/logo\\\/image\\\/\"}}]}<\/script>\n<!-- \/ Yoast SEO plugin. -->","yoast_head_json":{"title":"About us &#8211; Kunsthaus Kende","robots":{"index":"index","follow":"follow","max-snippet":"max-snippet:-1","max-image-preview":"max-image-preview:large","max-video-preview":"max-video-preview:-1"},"canonical":"https:\/\/kunsthaus-kende.de\/en\/ueber-uns\/","og_locale":"en_US","og_type":"article","og_title":"About us &#8211; Kunsthaus Kende","og_url":"https:\/\/kunsthaus-kende.de\/en\/ueber-uns\/","og_site_name":"Kunsthaus Kende","article_modified_time":"2023-09-21T14:09:19+00:00","og_image":[{"url":"https:\/\/kunsthaus-kende.de\/wp-content\/uploads\/Portrait_ChrisKen_2020_1500x1500px_semitrans85-300x300.png","type":"","width":"","height":""}],"twitter_card":"summary_large_image","twitter_misc":{"Est. reading time":"5 minutes"},"schema":{"@context":"https:\/\/schema.org","@graph":[{"@type":"WebPage","@id":"https:\/\/kunsthaus-kende.de\/en\/ueber-uns\/","url":"https:\/\/kunsthaus-kende.de\/en\/ueber-uns\/","name":"About us &#8211; Kunsthaus Kende","isPartOf":{"@id":"https:\/\/kunsthaus-kende.de\/en\/#website"},"primaryImageOfPage":{"@id":"https:\/\/kunsthaus-kende.de\/en\/ueber-uns\/#primaryimage"},"image":{"@id":"https:\/\/kunsthaus-kende.de\/ueber-uns\/#primaryimage"},"thumbnailUrl":"https:\/\/kunsthaus-kende.de\/wp-content\/uploads\/Portrait_ChrisKen_2020_1500x1500px_semitrans85-300x300.png","datePublished":"2016-03-14T23:01:30+00:00","dateModified":"2023-09-21T14:09:19+00:00","breadcrumb":{"@id":"https:\/\/kunsthaus-kende.de\/en\/ueber-uns\/#breadcrumb"},"inLanguage":"en-US","potentialAction":[{"@type":"ReadAction","target":[["https:\/\/kunsthaus-kende.de\/en\/ueber-uns\/"]]}]},{"@type":"ImageObject","inLanguage":"en-US","@id":"https:\/\/kunsthaus-kende.de\/en\/ueber-uns\/#primaryimage","url":"https:\/\/kunsthaus-kende.de\/wp-content\/uploads\/Portrait_ChrisKen_2020_1500x1500px_semitrans85-300x300.png","contentUrl":"https:\/\/kunsthaus-kende.de\/wp-content\/uploads\/Portrait_ChrisKen_2020_1500x1500px_semitrans85-300x300.png"},{"@type":"BreadcrumbList","@id":"https:\/\/kunsthaus-kende.de\/en\/ueber-uns\/#breadcrumb","itemListElement":[{"@type":"ListItem","position":1,"name":"Startseite","item":"https:\/\/kunsthaus-kende.de\/en\/"},{"@type":"ListItem","position":2,"name":"\u00dcber uns"}]},{"@type":"WebSite","@id":"https:\/\/kunsthaus-kende.de\/en\/#website","url":"https:\/\/kunsthaus-kende.de\/en\/","name":"Kunsthaus Kende","description":"Antikes Silber und Design in Silber","publisher":{"@id":"https:\/\/kunsthaus-kende.de\/en\/#organization"},"potentialAction":[{"@type":"SearchAction","target":{"@type":"EntryPoint","urlTemplate":"https:\/\/kunsthaus-kende.de\/en\/?s={search_term_string}"},"query-input":{"@type":"PropertyValueSpecification","valueRequired":true,"valueName":"search_term_string"}}],"inLanguage":"en-US"},{"@type":"Organization","@id":"https:\/\/kunsthaus-kende.de\/en\/#organization","name":"Kunsthaus Kende","url":"https:\/\/kunsthaus-kende.de\/en\/","logo":{"@type":"ImageObject","inLanguage":"en-US","@id":"https:\/\/kunsthaus-kende.de\/en\/#\/schema\/logo\/image\/","url":"https:\/\/kunsthaus-kende.de\/wp-content\/uploads\/cropped-Kende_Logo_CW2016_72dpi_800x320px_neg-1.jpg","contentUrl":"https:\/\/kunsthaus-kende.de\/wp-content\/uploads\/cropped-Kende_Logo_CW2016_72dpi_800x320px_neg-1.jpg","width":800,"height":317,"caption":"Kunsthaus Kende"},"image":{"@id":"https:\/\/kunsthaus-kende.de\/en\/#\/schema\/logo\/image\/"}}]}},"_links":{"self":[{"href":"https:\/\/kunsthaus-kende.de\/en\/wp-json\/wp\/v2\/pages\/10","targetHints":{"allow":["GET"]}}],"collection":[{"href":"https:\/\/kunsthaus-kende.de\/en\/wp-json\/wp\/v2\/pages"}],"about":[{"href":"https:\/\/kunsthaus-kende.de\/en\/wp-json\/wp\/v2\/types\/page"}],"author":[{"embeddable":true,"href":"https:\/\/kunsthaus-kende.de\/en\/wp-json\/wp\/v2\/users\/5"}],"replies":[{"embeddable":true,"href":"https:\/\/kunsthaus-kende.de\/en\/wp-json\/wp\/v2\/comments?post=10"}],"version-history":[{"count":1,"href":"https:\/\/kunsthaus-kende.de\/en\/wp-json\/wp\/v2\/pages\/10\/revisions"}],"predecessor-version":[{"id":16361,"href":"https:\/\/kunsthaus-kende.de\/en\/wp-json\/wp\/v2\/pages\/10\/revisions\/16361"}],"wp:attachment":[{"href":"https:\/\/kunsthaus-kende.de\/en\/wp-json\/wp\/v2\/media?parent=10"}],"curies":[{"name":"wp","href":"https:\/\/api.w.org\/{rel}","templated":true}]}}