{"id":14,"date":"2016-03-15T00:06:53","date_gmt":"2016-03-14T23:06:53","guid":{"rendered":"http:\/\/kunsthaus-kende.de\/www\/?page_id=14"},"modified":"2026-03-10T13:15:49","modified_gmt":"2026-03-10T12:15:49","slug":"aktuelle-angebote-silber","status":"publish","type":"page","link":"https:\/\/kunsthaus-kende.de\/en\/aktuelle-angebote-silber\/","title":{"rendered":"Latest additions"},"content":{"rendered":"<p><\/p>\n<h2>Currently on Sale<\/h2>\n<p>Here you find an overview of our silverware which is currently for sale.<br>If you are interested in objects that have already been sold, you can use the button &#8220;SOLD. PLEASE NOTIFY ME.&#8221; to be informed as soon as these or comparable silverworks are available again.<\/p>\n<style>.wp-show-posts-columns#wpsp-13528 {margin-left: -2em; }.wp-show-posts-columns#wpsp-13528 .wp-show-posts-inner {margin: 0 0 2em 2em; }<\/style><section id=\"wpsp-13528\" class=\" wp-show-posts-columns wp-show-posts\" style=\"\"><article class=\" wp-show-posts-single post-35169 post type-post status-publish format-standard has-post-thumbnail hentry category-moderne category-aktuelle-angebote category-esther-lord category-next-generation category-vasen tag-designer-vase tag-minimalistisch tag-modern tag-schlicht wpsp-col-3\" itemtype=\"http:\/\/schema.org\/CreativeWork\" itemscope><div class=\"wp-show-posts-inner\" style=\"\">\t\t<div class=\"wp-show-posts-image  wpsp-image-center \">\n\t\t\t<a href=\"https:\/\/kunsthaus-kende.de\/en\/modernes-vasenpaar-aus-sterling-silber\/\"  title=\"Contemporary Sterling Silver Vases\"><img loading=\"lazy\" decoding=\"async\" width=\"1200\" height=\"1800\" src=\"https:\/\/kunsthaus-kende.de\/wp-content\/uploads\/moderne-silbervasen-925-sterling-silber-vasenpaar-front.jpg\" class=\"attachment-full size-full wp-post-image\" alt=\"Modernes Vasenpaar aus 925 Sterling Silber in Frontansicht mit gl\u00e4nzender Oberfl\u00e4che und zeitlosem Design\" itemprop=\"image\" srcset=\"https:\/\/kunsthaus-kende.de\/wp-content\/uploads\/moderne-silbervasen-925-sterling-silber-vasenpaar-front.jpg 1200w, https:\/\/kunsthaus-kende.de\/wp-content\/uploads\/moderne-silbervasen-925-sterling-silber-vasenpaar-front-400x600.jpg 400w, https:\/\/kunsthaus-kende.de\/wp-content\/uploads\/moderne-silbervasen-925-sterling-silber-vasenpaar-front-1024x1536.jpg 1024w\" sizes=\"auto, (max-width: 1200px) 100vw, 1200px\" \/><\/a>\t\t<\/div>\n\t\t\t\t\t\t\t\t<header class=\"wp-show-posts-entry-header\">\n\t\t\t\t\t\t\t<h3 class=\"wp-show-posts-entry-title\" itemprop=\"headline\"><a href=\"https:\/\/kunsthaus-kende.de\/en\/modernes-vasenpaar-aus-sterling-silber\/\" rel=\"bookmark\">Contemporary Sterling Silver Vases<\/a><\/h3>\t\t\t\t\t\t<\/header><!-- .entry-header -->\n\t\t\t\t\t<\/div><!-- wp-show-posts-inner --><\/article><article class=\" wp-show-posts-single post-35154 post type-post status-publish format-standard has-post-thumbnail hentry category-moderne category-aktuelle-angebote category-esther-lord category-next-generation category-vasen tag-designer-vase tag-minimalistisch tag-modern tag-schlicht wpsp-col-3\" itemtype=\"http:\/\/schema.org\/CreativeWork\" itemscope><div class=\"wp-show-posts-inner\" style=\"\">\t\t<div class=\"wp-show-posts-image  wpsp-image-center \">\n\t\t\t<a href=\"https:\/\/kunsthaus-kende.de\/en\/a-minimalist-pair-of-sterling-silver-vases\/\"  title=\"A minimalist pair of sterling silver vases\"><img loading=\"lazy\" decoding=\"async\" width=\"1200\" height=\"1800\" src=\"https:\/\/kunsthaus-kende.de\/wp-content\/uploads\/contemporary-silver-vase-home-decor.jpg\" class=\"attachment-full size-full wp-post-image\" alt=\"moderne Silbervase minimalistisch Wohnzimmer\" itemprop=\"image\" srcset=\"https:\/\/kunsthaus-kende.de\/wp-content\/uploads\/contemporary-silver-vase-home-decor.jpg 1200w, https:\/\/kunsthaus-kende.de\/wp-content\/uploads\/contemporary-silver-vase-home-decor-400x600.jpg 400w, https:\/\/kunsthaus-kende.de\/wp-content\/uploads\/contemporary-silver-vase-home-decor-1024x1536.jpg 1024w\" sizes=\"auto, (max-width: 1200px) 100vw, 1200px\" \/><\/a>\t\t<\/div>\n\t\t\t\t\t\t\t\t<header class=\"wp-show-posts-entry-header\">\n\t\t\t\t\t\t\t<h3 class=\"wp-show-posts-entry-title\" itemprop=\"headline\"><a href=\"https:\/\/kunsthaus-kende.de\/en\/a-minimalist-pair-of-sterling-silver-vases\/\" rel=\"bookmark\">A minimalist pair of sterling silver vases<\/a><\/h3>\t\t\t\t\t\t<\/header><!-- .entry-header -->\n\t\t\t\t\t<\/div><!-- wp-show-posts-inner --><\/article><article class=\" wp-show-posts-single post-35109 post type-post status-publish format-standard has-post-thumbnail hentry category-1920-bis-heute category-moderne category-aktuelle-angebote category-next-generation category-tabletts-tazze category-wilfried-moll tag-alta tag-einzelanfertigung tag-next-generation tag-robbe-berking tag-schlicht tag-wilfried-moll wpsp-col-3\" itemtype=\"http:\/\/schema.org\/CreativeWork\" itemscope><div class=\"wp-show-posts-inner\" style=\"\">\t\t<div class=\"wp-show-posts-image  wpsp-image-center \">\n\t\t\t<a href=\"https:\/\/kunsthaus-kende.de\/en\/wilfried-moll-silber-tablett\/\"  title=\"A rare sterling silver tray by Wilfried Moll\"><img loading=\"lazy\" decoding=\"async\" width=\"1200\" height=\"1800\" src=\"https:\/\/kunsthaus-kende.de\/wp-content\/uploads\/wilfried-moll-kunsthaus-kende-teekanne-silber.jpg\" class=\"attachment-full size-full wp-post-image\" alt=\"Wilfried Moll Silberschmiede Sterling Silber Tablett\" itemprop=\"image\" srcset=\"https:\/\/kunsthaus-kende.de\/wp-content\/uploads\/wilfried-moll-kunsthaus-kende-teekanne-silber.jpg 1200w, https:\/\/kunsthaus-kende.de\/wp-content\/uploads\/wilfried-moll-kunsthaus-kende-teekanne-silber-400x600.jpg 400w, https:\/\/kunsthaus-kende.de\/wp-content\/uploads\/wilfried-moll-kunsthaus-kende-teekanne-silber-1024x1536.jpg 1024w\" sizes=\"auto, (max-width: 1200px) 100vw, 1200px\" \/><\/a>\t\t<\/div>\n\t\t\t\t\t\t\t\t<header class=\"wp-show-posts-entry-header\">\n\t\t\t\t\t\t\t<h3 class=\"wp-show-posts-entry-title\" itemprop=\"headline\"><a href=\"https:\/\/kunsthaus-kende.de\/en\/wilfried-moll-silber-tablett\/\" rel=\"bookmark\">A rare sterling silver tray by Wilfried Moll<\/a><\/h3>\t\t\t\t\t\t<\/header><!-- .entry-header -->\n\t\t\t\t\t<\/div><!-- wp-show-posts-inner --><\/article><article class=\" wp-show-posts-single post-35055 post type-post status-publish format-standard has-post-thumbnail hentry category-1920-bis-heute category-aktuelle-angebote category-andreas-moritz category-besteck tag-metropolitan-museum tag-mid-century-besteck tag-modern tag-next-generation tag-schlicht tag-silberbesteck tag-wilfried-moll wpsp-col-3\" itemtype=\"http:\/\/schema.org\/CreativeWork\" itemscope><div class=\"wp-show-posts-inner\" style=\"\">\t\t<div class=\"wp-show-posts-image  wpsp-image-center \">\n\t\t\t<a href=\"https:\/\/kunsthaus-kende.de\/en\/tafelbesteck-925-silber-andreas-moritz\/\"  title=\"A rare sterling silver cutlery by Andreas Moritz\"><img loading=\"lazy\" decoding=\"async\" width=\"1200\" height=\"1800\" src=\"https:\/\/kunsthaus-kende.de\/wp-content\/uploads\/andreas-moritz-silberbesteck-925-silber-tafelsilber.jpg\" class=\"attachment-full size-full wp-post-image\" alt=\"Andreas Moritz Kunsthaus Kende Silber 925 Besteck\" itemprop=\"image\" srcset=\"https:\/\/kunsthaus-kende.de\/wp-content\/uploads\/andreas-moritz-silberbesteck-925-silber-tafelsilber.jpg 1200w, https:\/\/kunsthaus-kende.de\/wp-content\/uploads\/andreas-moritz-silberbesteck-925-silber-tafelsilber-400x600.jpg 400w, https:\/\/kunsthaus-kende.de\/wp-content\/uploads\/andreas-moritz-silberbesteck-925-silber-tafelsilber-1024x1536.jpg 1024w\" sizes=\"auto, (max-width: 1200px) 100vw, 1200px\" \/><\/a>\t\t<\/div>\n\t\t\t\t\t\t\t\t<header class=\"wp-show-posts-entry-header\">\n\t\t\t\t\t\t\t<h3 class=\"wp-show-posts-entry-title\" itemprop=\"headline\"><a href=\"https:\/\/kunsthaus-kende.de\/en\/tafelbesteck-925-silber-andreas-moritz\/\" rel=\"bookmark\">A rare sterling silver cutlery by Andreas Moritz<\/a><\/h3>\t\t\t\t\t\t<\/header><!-- .entry-header -->\n\t\t\t\t\t<\/div><!-- wp-show-posts-inner --><\/article><article class=\" wp-show-posts-single post-34889 post type-post status-publish format-standard has-post-thumbnail hentry category-1920-bis-heute category-aktuelle-angebote category-bisquitdosen category-classics category-deckeldosen tag-art-deco-schlicht-modern tag-bisquitdose tag-keksdose tag-zeitlos wpsp-col-3\" itemtype=\"http:\/\/schema.org\/CreativeWork\" itemscope><div class=\"wp-show-posts-inner\" style=\"\">\t\t<div class=\"wp-show-posts-image  wpsp-image-center \">\n\t\t\t<a href=\"https:\/\/kunsthaus-kende.de\/en\/art-deco-sterling-silber-bisquitdose\/\"  title=\"An Art D\u00e9co sterling silver biscuit barrel\"><img loading=\"lazy\" decoding=\"async\" width=\"1200\" height=\"1800\" src=\"https:\/\/kunsthaus-kende.de\/wp-content\/uploads\/art-deco-bisquitdose-925-silber-mappin-webb-keith-murray.jpg\" class=\"attachment-full size-full wp-post-image\" alt=\"bo\u00eete \u00e0 biscuits argent massif Art D\u00e9co Mappin &amp; Webb\" itemprop=\"image\" srcset=\"https:\/\/kunsthaus-kende.de\/wp-content\/uploads\/art-deco-bisquitdose-925-silber-mappin-webb-keith-murray.jpg 1200w, https:\/\/kunsthaus-kende.de\/wp-content\/uploads\/art-deco-bisquitdose-925-silber-mappin-webb-keith-murray-400x600.jpg 400w, https:\/\/kunsthaus-kende.de\/wp-content\/uploads\/art-deco-bisquitdose-925-silber-mappin-webb-keith-murray-1024x1536.jpg 1024w\" sizes=\"auto, (max-width: 1200px) 100vw, 1200px\" \/><\/a>\t\t<\/div>\n\t\t\t\t\t\t\t\t<header class=\"wp-show-posts-entry-header\">\n\t\t\t\t\t\t\t<h3 class=\"wp-show-posts-entry-title\" itemprop=\"headline\"><a href=\"https:\/\/kunsthaus-kende.de\/en\/art-deco-sterling-silber-bisquitdose\/\" rel=\"bookmark\">An Art D\u00e9co sterling silver biscuit barrel<\/a><\/h3>\t\t\t\t\t\t<\/header><!-- .entry-header -->\n\t\t\t\t\t<\/div><!-- wp-show-posts-inner --><\/article><article class=\" wp-show-posts-single post-34804 post type-post status-publish format-standard has-post-thumbnail hentry category-moderne category-aktuelle-angebote category-kerzenhalter-kandelaber category-next-generation tag-kerzenhalter tag-kerzenstaender tag-modern tag-schlicht tag-tafelleuchter tag-zeitgenoessisches-silber wpsp-col-3\" itemtype=\"http:\/\/schema.org\/CreativeWork\" itemscope><div class=\"wp-show-posts-inner\" style=\"\">\t\t<div class=\"wp-show-posts-image  wpsp-image-center \">\n\t\t\t<a href=\"https:\/\/kunsthaus-kende.de\/en\/a-pair-of-contemporary-sterling-silver-candlesticks\/\"  title=\"A pair of contemporary sterling silver candlesticks\"><img loading=\"lazy\" decoding=\"async\" width=\"1200\" height=\"1800\" src=\"https:\/\/kunsthaus-kende.de\/wp-content\/uploads\/T-1.jpg\" class=\"attachment-full size-full wp-post-image\" alt=\"sterling silber kerzenhalter 925er Silber candle holder\" itemprop=\"image\" srcset=\"https:\/\/kunsthaus-kende.de\/wp-content\/uploads\/T-1.jpg 1200w, https:\/\/kunsthaus-kende.de\/wp-content\/uploads\/T-1-400x600.jpg 400w, https:\/\/kunsthaus-kende.de\/wp-content\/uploads\/T-1-1024x1536.jpg 1024w\" sizes=\"auto, (max-width: 1200px) 100vw, 1200px\" \/><\/a>\t\t<\/div>\n\t\t\t\t\t\t\t\t<header class=\"wp-show-posts-entry-header\">\n\t\t\t\t\t\t\t<h3 class=\"wp-show-posts-entry-title\" itemprop=\"headline\"><a href=\"https:\/\/kunsthaus-kende.de\/en\/a-pair-of-contemporary-sterling-silver-candlesticks\/\" rel=\"bookmark\">A pair of contemporary sterling silver candlesticks<\/a><\/h3>\t\t\t\t\t\t<\/header><!-- .entry-header -->\n\t\t\t\t\t<\/div><!-- wp-show-posts-inner --><\/article><article class=\" wp-show-posts-single post-34645 post type-post status-publish format-standard has-post-thumbnail hentry category-moderne category-aktuelle-angebote category-asiatisches-bzw-chinesisches-silber category-next-generation category-satoshi-hara category-vasen tag-japan tag-japanische-silberarbeiten tag-kogei tag-mujinagiku tag-nanako-zogan tag-satoshi-hara tag-462 tag-458 wpsp-col-3\" itemtype=\"http:\/\/schema.org\/CreativeWork\" itemscope><div class=\"wp-show-posts-inner\" style=\"\">\t\t<div class=\"wp-show-posts-image  wpsp-image-center \">\n\t\t\t<a href=\"https:\/\/kunsthaus-kende.de\/en\/moderne-nanako-zogan-vase-silber-gold-und-eisen\/\"  title=\"An exceptional &#8220;Black Quarter Inlaid Flower Vase&#8221;, gold, silver, copper and Shibuichi by Satoshi Hara\"><img loading=\"lazy\" decoding=\"async\" width=\"1200\" height=\"1800\" src=\"https:\/\/kunsthaus-kende.de\/wp-content\/uploads\/hara-satoshi-japanese-art-flower-vessel-gallery.jpg\" class=\"attachment-full size-full wp-post-image\" alt=\"Hara Satoshi vase Japanese Art Gallery\" itemprop=\"image\" srcset=\"https:\/\/kunsthaus-kende.de\/wp-content\/uploads\/hara-satoshi-japanese-art-flower-vessel-gallery.jpg 1200w, https:\/\/kunsthaus-kende.de\/wp-content\/uploads\/hara-satoshi-japanese-art-flower-vessel-gallery-400x600.jpg 400w, https:\/\/kunsthaus-kende.de\/wp-content\/uploads\/hara-satoshi-japanese-art-flower-vessel-gallery-1024x1536.jpg 1024w\" sizes=\"auto, (max-width: 1200px) 100vw, 1200px\" \/><\/a>\t\t<\/div>\n\t\t\t\t\t\t\t\t<header class=\"wp-show-posts-entry-header\">\n\t\t\t\t\t\t\t<h3 class=\"wp-show-posts-entry-title\" itemprop=\"headline\"><a href=\"https:\/\/kunsthaus-kende.de\/en\/moderne-nanako-zogan-vase-silber-gold-und-eisen\/\" rel=\"bookmark\">An exceptional &#8220;Black Quarter Inlaid Flower Vase&#8221;, gold, silver, copper and Shibuichi by Satoshi Hara<\/a><\/h3>\t\t\t\t\t\t<\/header><!-- .entry-header -->\n\t\t\t\t\t<\/div><!-- wp-show-posts-inner --><\/article><article class=\" wp-show-posts-single post-34416 post type-post status-publish format-standard has-post-thumbnail hentry category-moderne category-aktuelle-angebote category-georges-cuyvers category-kerzenhalter-kandelaber category-next-generation tag-einzelanfertigung tag-modern tag-schlicht tag-zeitgenoessisches-silber wpsp-col-3\" itemtype=\"http:\/\/schema.org\/CreativeWork\" itemscope><div class=\"wp-show-posts-inner\" style=\"\">\t\t<div class=\"wp-show-posts-image  wpsp-image-center \">\n\t\t\t<a href=\"https:\/\/kunsthaus-kende.de\/en\/moderner-925-silber-kandelaber-antwerpen-2008\/\"  title=\"A contemporary silver candelabra &#8220;Snakewood&#8221; by Georges Cuyvers\"><img loading=\"lazy\" decoding=\"async\" width=\"1200\" height=\"1800\" src=\"https:\/\/kunsthaus-kende.de\/wp-content\/uploads\/georges-cuyvers-porte-bougie-argent-sterling-argenterie-moderne.jpg\" class=\"attachment-full size-full wp-post-image\" alt=\"Georges Cuyvers porte bougie argent sterling argenterie moderne\" itemprop=\"image\" srcset=\"https:\/\/kunsthaus-kende.de\/wp-content\/uploads\/georges-cuyvers-porte-bougie-argent-sterling-argenterie-moderne.jpg 1200w, https:\/\/kunsthaus-kende.de\/wp-content\/uploads\/georges-cuyvers-porte-bougie-argent-sterling-argenterie-moderne-400x600.jpg 400w, https:\/\/kunsthaus-kende.de\/wp-content\/uploads\/georges-cuyvers-porte-bougie-argent-sterling-argenterie-moderne-1024x1536.jpg 1024w\" sizes=\"auto, (max-width: 1200px) 100vw, 1200px\" \/><\/a>\t\t<\/div>\n\t\t\t\t\t\t\t\t<header class=\"wp-show-posts-entry-header\">\n\t\t\t\t\t\t\t<h3 class=\"wp-show-posts-entry-title\" itemprop=\"headline\"><a href=\"https:\/\/kunsthaus-kende.de\/en\/moderner-925-silber-kandelaber-antwerpen-2008\/\" rel=\"bookmark\">A contemporary silver candelabra &#8220;Snakewood&#8221; by Georges Cuyvers<\/a><\/h3>\t\t\t\t\t\t<\/header><!-- .entry-header -->\n\t\t\t\t\t<\/div><!-- wp-show-posts-inner --><\/article><div class=\"wpsp-clear\"><\/div><\/section><!-- .wp-show-posts --><div class=\"wpsp-load-more\"><span aria-current=\"page\" class=\"page-numbers current\">1<\/span>\n<a class=\"page-numbers\" href=\"https:\/\/kunsthaus-kende.de\/en\/wp-json\/wp\/v2\/pages\/14\/page\/2\/\">2<\/a>\n<span class=\"page-numbers dots\">&hellip;<\/span>\n<a class=\"page-numbers\" href=\"https:\/\/kunsthaus-kende.de\/en\/wp-json\/wp\/v2\/pages\/14\/page\/11\/\">11<\/a>\n<a class=\"next page-numbers\" href=\"https:\/\/kunsthaus-kende.de\/en\/wp-json\/wp\/v2\/pages\/14\/page\/2\/\">Next &rarr;<\/a><\/div>\n\n\n<div style=\"height:100px\" aria-hidden=\"true\" class=\"wp-block-spacer\"><\/div>","protected":false},"excerpt":{"rendered":"<p>Currently on Sale Here you find an overview of our silverware which is currently for sale.If you are interested in objects that have already been sold, you can use the button &#8220;SOLD. PLEASE NOTIFY ME.&#8221; to be informed as soon as these or comparable silverworks are available again.<\/p>\n","protected":false},"author":5,"featured_media":0,"parent":0,"menu_order":2,"comment_status":"closed","ping_status":"closed","template":"","meta":{"footnotes":""},"class_list":["post-14","page","type-page","status-publish","hentry","generate-columns","tablet-grid-50","mobile-grid-100","grid-parent","grid-33","resize-featured-image"],"yoast_head":"<!-- This site is optimized with the Yoast SEO plugin v27.3 - https:\/\/yoast.com\/product\/yoast-seo-wordpress\/ -->\n<title>Latest additions &#8211; Kunsthaus Kende<\/title>\n<meta name=\"robots\" content=\"index, follow, max-snippet:-1, max-image-preview:large, max-video-preview:-1\" \/>\n<link rel=\"canonical\" href=\"https:\/\/kunsthaus-kende.de\/en\/aktuelle-angebote-silber\/\" \/>\n<meta property=\"og:locale\" content=\"en_US\" \/>\n<meta property=\"og:type\" content=\"article\" \/>\n<meta property=\"og:title\" content=\"Latest additions &#8211; Kunsthaus Kende\" \/>\n<meta property=\"og:description\" content=\"Currently on Sale Here you find an overview of our silverware which is currently for sale.If you are interested in objects that have already been sold, you can use the button &#8220;SOLD. PLEASE NOTIFY ME.&#8221; to be informed as soon as these or comparable silverworks are available again.\" \/>\n<meta property=\"og:url\" content=\"https:\/\/kunsthaus-kende.de\/en\/aktuelle-angebote-silber\/\" \/>\n<meta property=\"og:site_name\" content=\"Kunsthaus Kende\" \/>\n<meta property=\"article:modified_time\" content=\"2026-03-10T12:15:49+00:00\" \/>\n<meta name=\"twitter:card\" content=\"summary_large_image\" \/>\n<meta name=\"twitter:label1\" content=\"Est. reading time\" \/>\n\t<meta name=\"twitter:data1\" content=\"1 minute\" \/>\n<script type=\"application\/ld+json\" class=\"yoast-schema-graph\">{\"@context\":\"https:\\\/\\\/schema.org\",\"@graph\":[{\"@type\":\"WebPage\",\"@id\":\"https:\\\/\\\/kunsthaus-kende.de\\\/en\\\/aktuelle-angebote-silber\\\/\",\"url\":\"https:\\\/\\\/kunsthaus-kende.de\\\/en\\\/aktuelle-angebote-silber\\\/\",\"name\":\"Latest additions &#8211; Kunsthaus Kende\",\"isPartOf\":{\"@id\":\"https:\\\/\\\/kunsthaus-kende.de\\\/en\\\/#website\"},\"datePublished\":\"2016-03-14T23:06:53+00:00\",\"dateModified\":\"2026-03-10T12:15:49+00:00\",\"breadcrumb\":{\"@id\":\"https:\\\/\\\/kunsthaus-kende.de\\\/en\\\/aktuelle-angebote-silber\\\/#breadcrumb\"},\"inLanguage\":\"en-US\",\"potentialAction\":[{\"@type\":\"ReadAction\",\"target\":[[\"https:\\\/\\\/kunsthaus-kende.de\\\/en\\\/aktuelle-angebote-silber\\\/\"]]}]},{\"@type\":\"BreadcrumbList\",\"@id\":\"https:\\\/\\\/kunsthaus-kende.de\\\/en\\\/aktuelle-angebote-silber\\\/#breadcrumb\",\"itemListElement\":[{\"@type\":\"ListItem\",\"position\":1,\"name\":\"Startseite\",\"item\":\"https:\\\/\\\/kunsthaus-kende.de\\\/en\\\/\"},{\"@type\":\"ListItem\",\"position\":2,\"name\":\"Aktuelle Angebote\"}]},{\"@type\":\"WebSite\",\"@id\":\"https:\\\/\\\/kunsthaus-kende.de\\\/en\\\/#website\",\"url\":\"https:\\\/\\\/kunsthaus-kende.de\\\/en\\\/\",\"name\":\"Kunsthaus Kende\",\"description\":\"Antikes Silber und Design in Silber\",\"publisher\":{\"@id\":\"https:\\\/\\\/kunsthaus-kende.de\\\/en\\\/#organization\"},\"potentialAction\":[{\"@type\":\"SearchAction\",\"target\":{\"@type\":\"EntryPoint\",\"urlTemplate\":\"https:\\\/\\\/kunsthaus-kende.de\\\/en\\\/?s={search_term_string}\"},\"query-input\":{\"@type\":\"PropertyValueSpecification\",\"valueRequired\":true,\"valueName\":\"search_term_string\"}}],\"inLanguage\":\"en-US\"},{\"@type\":\"Organization\",\"@id\":\"https:\\\/\\\/kunsthaus-kende.de\\\/en\\\/#organization\",\"name\":\"Kunsthaus Kende\",\"url\":\"https:\\\/\\\/kunsthaus-kende.de\\\/en\\\/\",\"logo\":{\"@type\":\"ImageObject\",\"inLanguage\":\"en-US\",\"@id\":\"https:\\\/\\\/kunsthaus-kende.de\\\/en\\\/#\\\/schema\\\/logo\\\/image\\\/\",\"url\":\"https:\\\/\\\/kunsthaus-kende.de\\\/wp-content\\\/uploads\\\/cropped-Kende_Logo_CW2016_72dpi_800x320px_neg-1.jpg\",\"contentUrl\":\"https:\\\/\\\/kunsthaus-kende.de\\\/wp-content\\\/uploads\\\/cropped-Kende_Logo_CW2016_72dpi_800x320px_neg-1.jpg\",\"width\":800,\"height\":317,\"caption\":\"Kunsthaus Kende\"},\"image\":{\"@id\":\"https:\\\/\\\/kunsthaus-kende.de\\\/en\\\/#\\\/schema\\\/logo\\\/image\\\/\"}}]}<\/script>\n<!-- \/ Yoast SEO plugin. -->","yoast_head_json":{"title":"Latest additions &#8211; Kunsthaus Kende","robots":{"index":"index","follow":"follow","max-snippet":"max-snippet:-1","max-image-preview":"max-image-preview:large","max-video-preview":"max-video-preview:-1"},"canonical":"https:\/\/kunsthaus-kende.de\/en\/aktuelle-angebote-silber\/","og_locale":"en_US","og_type":"article","og_title":"Latest additions &#8211; Kunsthaus Kende","og_description":"Currently on Sale Here you find an overview of our silverware which is currently for sale.If you are interested in objects that have already been sold, you can use the button &#8220;SOLD. PLEASE NOTIFY ME.&#8221; to be informed as soon as these or comparable silverworks are available again.","og_url":"https:\/\/kunsthaus-kende.de\/en\/aktuelle-angebote-silber\/","og_site_name":"Kunsthaus Kende","article_modified_time":"2026-03-10T12:15:49+00:00","twitter_card":"summary_large_image","twitter_misc":{"Est. reading time":"1 minute"},"schema":{"@context":"https:\/\/schema.org","@graph":[{"@type":"WebPage","@id":"https:\/\/kunsthaus-kende.de\/en\/aktuelle-angebote-silber\/","url":"https:\/\/kunsthaus-kende.de\/en\/aktuelle-angebote-silber\/","name":"Latest additions &#8211; Kunsthaus Kende","isPartOf":{"@id":"https:\/\/kunsthaus-kende.de\/en\/#website"},"datePublished":"2016-03-14T23:06:53+00:00","dateModified":"2026-03-10T12:15:49+00:00","breadcrumb":{"@id":"https:\/\/kunsthaus-kende.de\/en\/aktuelle-angebote-silber\/#breadcrumb"},"inLanguage":"en-US","potentialAction":[{"@type":"ReadAction","target":[["https:\/\/kunsthaus-kende.de\/en\/aktuelle-angebote-silber\/"]]}]},{"@type":"BreadcrumbList","@id":"https:\/\/kunsthaus-kende.de\/en\/aktuelle-angebote-silber\/#breadcrumb","itemListElement":[{"@type":"ListItem","position":1,"name":"Startseite","item":"https:\/\/kunsthaus-kende.de\/en\/"},{"@type":"ListItem","position":2,"name":"Aktuelle Angebote"}]},{"@type":"WebSite","@id":"https:\/\/kunsthaus-kende.de\/en\/#website","url":"https:\/\/kunsthaus-kende.de\/en\/","name":"Kunsthaus Kende","description":"Antikes Silber und Design in Silber","publisher":{"@id":"https:\/\/kunsthaus-kende.de\/en\/#organization"},"potentialAction":[{"@type":"SearchAction","target":{"@type":"EntryPoint","urlTemplate":"https:\/\/kunsthaus-kende.de\/en\/?s={search_term_string}"},"query-input":{"@type":"PropertyValueSpecification","valueRequired":true,"valueName":"search_term_string"}}],"inLanguage":"en-US"},{"@type":"Organization","@id":"https:\/\/kunsthaus-kende.de\/en\/#organization","name":"Kunsthaus Kende","url":"https:\/\/kunsthaus-kende.de\/en\/","logo":{"@type":"ImageObject","inLanguage":"en-US","@id":"https:\/\/kunsthaus-kende.de\/en\/#\/schema\/logo\/image\/","url":"https:\/\/kunsthaus-kende.de\/wp-content\/uploads\/cropped-Kende_Logo_CW2016_72dpi_800x320px_neg-1.jpg","contentUrl":"https:\/\/kunsthaus-kende.de\/wp-content\/uploads\/cropped-Kende_Logo_CW2016_72dpi_800x320px_neg-1.jpg","width":800,"height":317,"caption":"Kunsthaus Kende"},"image":{"@id":"https:\/\/kunsthaus-kende.de\/en\/#\/schema\/logo\/image\/"}}]}},"_links":{"self":[{"href":"https:\/\/kunsthaus-kende.de\/en\/wp-json\/wp\/v2\/pages\/14","targetHints":{"allow":["GET"]}}],"collection":[{"href":"https:\/\/kunsthaus-kende.de\/en\/wp-json\/wp\/v2\/pages"}],"about":[{"href":"https:\/\/kunsthaus-kende.de\/en\/wp-json\/wp\/v2\/types\/page"}],"author":[{"embeddable":true,"href":"https:\/\/kunsthaus-kende.de\/en\/wp-json\/wp\/v2\/users\/5"}],"replies":[{"embeddable":true,"href":"https:\/\/kunsthaus-kende.de\/en\/wp-json\/wp\/v2\/comments?post=14"}],"version-history":[{"count":2,"href":"https:\/\/kunsthaus-kende.de\/en\/wp-json\/wp\/v2\/pages\/14\/revisions"}],"predecessor-version":[{"id":34962,"href":"https:\/\/kunsthaus-kende.de\/en\/wp-json\/wp\/v2\/pages\/14\/revisions\/34962"}],"wp:attachment":[{"href":"https:\/\/kunsthaus-kende.de\/en\/wp-json\/wp\/v2\/media?parent=14"}],"curies":[{"name":"wp","href":"https:\/\/api.w.org\/{rel}","templated":true}]}}