{"id":3554,"date":"2022-02-02T14:36:38","date_gmt":"2022-02-02T12:36:38","guid":{"rendered":"https:\/\/gpsites.co\/wired\/?page_id=3554"},"modified":"2026-04-17T16:04:00","modified_gmt":"2026-04-17T14:04:00","slug":"kunsthaus-kende-antikes-silber-und-design-in-silber","status":"publish","type":"page","link":"https:\/\/kunsthaus-kende.de\/en\/","title":{"rendered":"Home"},"content":{"rendered":"<div class=\"gb-element-69668f9a\">\r\n<div class=\"gb-element-9ec9384b\"><div class=\"gb-grid-wrapper gb-grid-wrapper-4a1df44b\">\r\n<div class=\"gb-grid-column gb-grid-column-fce86c4a\"><div class=\"gb-container gb-container-fce86c4a\">\r\n\r\n<h1 class=\"gb-headline gb-headline-067b904d gb-headline-text\"><mark class=\"gb-highlight\">Kunsthaus Kende \u2013 Antique Silver and Design in Silver<\/mark><\/h1>\r\n\r\n\r\n\r\n<p class=\"has-base-3-color has-text-color has-medium-font-size\">True to the principle \u201cArt is the most beautiful form of investment\u201d, we have specialized in high-quality work in silver and sterling silver since 2001.&nbsp;This includes antique silver of all styles and eras, as well as classic, upscale utility silver. In our portfolio, for example, you will find silver goods such as the&nbsp;<em>Pyramid<\/em>&nbsp;cutlery by Georg Jensen or its successful decors&nbsp;<em>Magnolia<\/em>&nbsp;\/&nbsp;<em>Blossom, Acorn<\/em>&nbsp;\/&nbsp;<em>Konge, Acanthus<\/em>&nbsp;\/&nbsp;<em>Dronning, Bernadotte<\/em>,&nbsp;<em>Parallel<\/em>,&nbsp;<em>Cactus<\/em>&nbsp;but also \u2013 of which few people know about its existence \u2013&nbsp;modern silver work more outstanding, contemporary artist.<\/p>\r\n\r\n\r\n<div class=\"gb-button-wrapper gb-button-wrapper-66eb4fb8\">\r\n\r\n<a class=\"gb-button gb-button-ad825f9e gb-button-text 584e0d38_en\" href=\"https:\/\/kunsthaus-kende.de\/aktuelle-angebote-silber\/\">Current offers<\/a>\r\n\r\n<\/div>\r\n<\/div><\/div>\r\n<\/div><\/div>\r\n<\/div>\r\n\r\n\r\n\r\n<div>\r\n<div class=\"gbp-section gb-element-afed7e35_en afed7e35_en\">\r\n<h2 class=\"gb-headline gb-headline-b2f9c978_en gb-headline-text\">Sales Highlights<\/h2>\r\n\r\n\r\n\r\n<div class=\"gbp-section__inner gb-element-84fc76f2_en 84fc76f2_en\">\r\n<div class=\"gb-element-96ce4847_en 96ce4847_en\">\r\n<figure>\r\n<a href=\"https:\/\/kunsthaus-kende.de\/qualitaetvoller-deckelhumpen-silber-nuernberg-1615\/\"><img loading=\"lazy\" decoding=\"async\" width=\"465\" height=\"350\" class=\"gb-media-5dcb43a2_en\" src=\"https:\/\/kunsthaus-kende.de\/wp-content\/uploads\/nuernberg-17.-jahrhundert-bierhumpen-classics-silberstempel.jpg\" alt=\"Deckelhumpen Silber Antiquit\u00e4ten Kugelfussbecher\" title=\"Deckelhumpen Silber Antiquit\u00e4ten Kugelfussbecher\"\/><\/a>\r\n\r\n\r\n\r\n<figcaption class=\"gb-text gb-text-21298260_en 21298260_en\"><a href=\"https:\/\/kunsthaus-kende.de\/qualitaetvoller-deckelhumpen-silber-nuernberg-1615\/\">Seltener Renaissance Deckelhumpen<\/a><\/figcaption>\r\n\r\n\r\n\r\n<p>N\u00fcrnberg 1618-20 \u2022 MZ:&nbsp;Christoff Kramer<\/p>\r\n<\/figure>\r\n\r\n\r\n\r\n<figure>\r\n<a href=\"https:\/\/kunsthaus-kende.de\/spektakulaere-ayaori-gane-vase-rhythmus-mz-takahiro-iede\/\"><img loading=\"lazy\" decoding=\"async\" width=\"465\" height=\"350\" class=\"gb-media-3772cbbc_en\" src=\"https:\/\/kunsthaus-kende.de\/wp-content\/uploads\/takahiro-iede-japanese-metalwork-weaving-techniques.jpg\" alt=\"Takahiro Iede weaving techniques Metalwork\" title=\"Takahiro Iede weaving techniques Metalwork\"\/><\/a>\r\n\r\n\r\n\r\n<figcaption class=\"gb-text gb-text-388c20e2_en 388c20e2_en\"><a href=\"https:\/\/kunsthaus-kende.de\/spektakulaere-ayaori-gane-vase-rhythmus-mz-takahiro-iede\/\">Bedeutende, gro\u00dfe Ayaori-gane Vase<\/a><\/figcaption>\r\n\r\n\r\n\r\n<p>Saitama 2019 \u2022 MZ: Takahiro Iede<\/p>\r\n<\/figure>\r\n\r\n\r\n\r\n<figure>\r\n<a href=\"https:\/\/kunsthaus-kende.de\/aussergewoehnliche-feinsilber-deckeldose-in-hatsuri-tagane\/\"><img loading=\"lazy\" decoding=\"async\" width=\"465\" height=\"350\" class=\"gb-media-653487c2_en\" src=\"https:\/\/kunsthaus-kende.de\/wp-content\/uploads\/contemporary-japanese-metalwork-metal-engraving.jpg\" alt=\"contemporary japanese metalwork metal engraving\" title=\"contemporary japanese metalwork metal engraving\"\/><\/a>\r\n\r\n\r\n\r\n<figcaption class=\"gb-text gb-text-14793655_en 14793655_en\"><a href=\"https:\/\/kunsthaus-kende.de\/aussergewoehnliche-feinsilber-deckeldose-in-hatsuri-tagane\/\">Au\u00dfergew\u00f6hnliche Hatsuri Tagane Feinsilber Deckeldose<\/a><\/figcaption>\r\n\r\n\r\n\r\n<p>Yokohama um 2018 \u2022 MZ: Otsuki Masako<\/p>\r\n<\/figure>\r\n\r\n\r\n\r\n<figure>\r\n<a href=\"https:\/\/kunsthaus-kende.de\/sterling-silber-teedose-london-1787\/\"><img loading=\"lazy\" decoding=\"async\" width=\"465\" height=\"350\" class=\"gb-media-e5553979_en\" src=\"https:\/\/kunsthaus-kende.de\/wp-content\/uploads\/antike-sterlingsilber-teedose-london-1787.jpg\" alt=\"Antike Sterlingsilber Teedose London 1787\" title=\"Antike Sterlingsilber Teedose London 1787\"\/><\/a>\r\n\r\n\r\n\r\n<figcaption class=\"gb-text gb-text-c7b9181c_en c7b9181c_en\"><a href=\"https:\/\/kunsthaus-kende.de\/sterling-silber-teedose-london-1787\/\">George III Sterling Silber Teedose<\/a><\/figcaption>\r\n\r\n\r\n\r\n<p>London 1787 \u2022 MZ: Henry Chawner<\/p>\r\n<\/figure>\r\n\r\n\r\n\r\n<figure>\r\n<a href=\"https:\/\/kunsthaus-kende.de\/art-deco-sterling-silber-bisquitdose\/\"><img loading=\"lazy\" decoding=\"async\" width=\"2400\" height=\"1800\" class=\"gb-media-65e37bdc_en\" src=\"https:\/\/kunsthaus-kende.de\/wp-content\/uploads\/art-deco-bisquitdose-sterlingsilber-mappin-webb-classics.jpg\" title=\"Art Deco Keksdose Bisquitdose Sterling Silber\" alt=\"une bo\u00eete \u00e0 biscuits en argent 925 avec le poin\u00e7on de l\u00b4orf\u00e8vrerie Mappin &amp; Webb\" srcset=\"https:\/\/kunsthaus-kende.de\/wp-content\/uploads\/art-deco-bisquitdose-sterlingsilber-mappin-webb-classics.jpg 2400w, https:\/\/kunsthaus-kende.de\/wp-content\/uploads\/art-deco-bisquitdose-sterlingsilber-mappin-webb-classics-800x600.jpg 800w, https:\/\/kunsthaus-kende.de\/wp-content\/uploads\/art-deco-bisquitdose-sterlingsilber-mappin-webb-classics-1536x1152.jpg 1536w, https:\/\/kunsthaus-kende.de\/wp-content\/uploads\/art-deco-bisquitdose-sterlingsilber-mappin-webb-classics-2048x1536.jpg 2048w\" sizes=\"auto, (max-width: 2400px) 100vw, 2400px\" \/><\/a>\r\n\r\n\r\n\r\n<figcaption class=\"gb-text gb-text-1cc238df_en 1cc238df_en\"><a href=\"https:\/\/kunsthaus-kende.de\/art-deco-sterling-silber-bisquitdose\/\">Art D\u00e9co Sterling Silber Bisquitdose<\/a><\/figcaption>\r\n\r\n\r\n\r\n<p>Birmingham 1938 \u2022 HZ: Mappin &amp; Webb<\/p>\r\n<\/figure>\r\n\r\n\r\n\r\n<figure>\r\n<a href=\"https:\/\/kunsthaus-kende.de\/aussergewoehnliche-nanako-zogan-vase-silber-gold-und-eisen\/\"><img loading=\"lazy\" decoding=\"async\" width=\"465\" height=\"350\" class=\"gb-media-3713cb49_en\" src=\"https:\/\/kunsthaus-kende.de\/wp-content\/uploads\/hara-satoshi-mujinagiku-vase-kogei-art.jpg\" alt=\"Hara Satoshi Mujinagiku Vase Kogei Art\" title=\"Hara Satoshi Mujinagiku Vase Kogei Art\"\/><\/a>\r\n\r\n\r\n\r\n<figcaption class=\"gb-text gb-text-ba47eb9f_en ba47eb9f_en\"><a href=\"https:\/\/kunsthaus-kende.de\/aussergewoehnliche-nanako-zogan-vase-silber-gold-und-eisen\/\">Nanako Zogan Vase, Silber, Gold, Eisen<\/a><\/figcaption>\r\n\r\n\r\n\r\n<p>Kanazawa 2018 \u2022 MZ: Satoshi Hara<\/p>\r\n<\/figure>\r\n<\/div>\r\n<\/div>\r\n<\/div>\r\n\r\n\r\n<div class=\"gb-container gb-container-def018ee_en\">\r\n\r\n<h2 class=\"gb-headline gb-headline-7bd36a9e_en gb-headline-text\">Our Portfolio<\/h2>\r\n\r\n\r\n<div class=\"gb-grid-wrapper gb-grid-wrapper-aa078f04_en\">\r\n<div class=\"gb-grid-column gb-grid-column-fea27d29_en\"><div class=\"gb-container gb-container-fea27d29_en\"><div class=\"gb-inside-container\">\r\n<div class=\"gb-grid-wrapper gb-grid-wrapper-cc7d2074_en\">\r\n<div class=\"gb-grid-column gb-grid-column-cb607ece_en\"><div class=\"gb-container gb-container-cb607ece_en\"><div class=\"gb-inside-container\">\r\n\r\n<div class=\"gb-headline gb-headline-986c981f_en gb-headline-text\"><\/div>\r\n\r\n<\/div><\/div><\/div>\r\n\r\n<div class=\"gb-grid-column gb-grid-column-18c14440_en\"><div class=\"gb-container gb-container-18c14440_en\"><div class=\"gb-inside-container\">\r\n\r\n<p>While our initial preference was exclusively silver antiques, over the years we have expanded our portfolio to include modern art in silver. We are in the privileged position of being able to offer silver cutlery and other outstanding works by international, young artists exclusively in Germany and continental Europe, whose modern art completely redefines the previous perception of silver and silverware in general.<\/p>\r\n\r\n\r\n\r\n<p>In their choice of materials, these young artists use silver with a fine content of at least sterling silver (925 silver), but mostly Britannia silver (958 silver) or fine silver (999 silver). In doing so, they create works of art with an extraordinarily broad, individual and extremely extravagant design language.<\/p>\r\n\r\n\r\n\r\n<p>Modern silver work is not limited to modern silver cutlery, but also includes objects such as modern table silver, silver service, modern silver vases, modern silver bowls, modern silver trays, modern silver candlesticks etc.<\/p>\r\n\r\n<\/div><\/div><\/div>\r\n<\/div>\r\n<\/div><\/div><\/div>\r\n\r\n<div class=\"gb-grid-column gb-grid-column-3d723749_en\"><div class=\"gb-container gb-container-3d723749_en\"><div class=\"gb-inside-container\">\r\n<div class=\"gb-grid-wrapper gb-grid-wrapper-7c1975b6_en\">\r\n<div class=\"gb-grid-column gb-grid-column-9a2da046_en\"><div class=\"gb-container gb-container-9a2da046_en\"><div class=\"gb-inside-container\">\r\n\r\n<div class=\"gb-headline gb-headline-f5379e99_en gb-headline-text\"><\/div>\r\n\r\n<\/div><\/div><\/div>\r\n\r\n<div class=\"gb-grid-column gb-grid-column-0c0db56d_en\"><div class=\"gb-container gb-container-0c0db56d_en\"><div class=\"gb-inside-container\">\r\n\r\n<p>In the case of antique silverware, too, our focus is not only on high manufacturing quality, but also on the historical condition and the particularity of the artistic design. Since there have been examples of this in all epochs, we have the George I sugar bowl next to the George III teapot on a stand. The tea caddy from the late 18th century alongside high-quality Art Nouveau silver by Henry van de Velde, the pyramid silver cutlery from the precious silversmith Georg Jensen and cutlery from Evald Nielsen alongside the brilliant legacies of the great silversmiths of the Bauhaus era, Emmy Roth, Paula Straus and Christa Ehrlich.<\/p>\r\n\r\n\r\n\r\n<p>As an art dealer specializing in silver objects, we are a member of the KD (Art Dealers Association Germany) and the international art trade association CINOA and have committed to their code of honor.<\/p>\r\n\r\n\r\n\r\n<p>We are always interested in buying high-quality silver antiques, silver cutlery and art objects in silver and look forward to your offer, which we of course treat with discretion. Please refer to the category&nbsp;<strong>\u00bb<a href=\"https:\/\/kunsthaus-kende.de\/unsere-leistungen\/\">Our&nbsp;Services<\/a><\/strong> for more details.<\/p>\r\n\r\n<\/div><\/div><\/div>\r\n<\/div>\r\n<\/div><\/div><\/div>\r\n<\/div>\r\n<\/div>\r\n\r\n<div class=\"gb-container gb-container-9ef55baa_en\">\r\n\r\n<h2 class=\"gb-headline gb-headline-745cb8d4_en gb-headline-text\">Art Fair Participation<\/h2>\r\n\r\n\r\n<div class=\"gb-grid-wrapper gb-grid-wrapper-bcd4bbaa_en\">\r\n<div class=\"gb-grid-column gb-grid-column-0c9bf26a_en\"><div class=\"gb-container gb-container-0c9bf26a_en\">\r\n<div class=\"wp-block-image\">\r\n<figure class=\"aligncenter size-full is-resized\"><a href=\"https:\/\/www.brafa.art\/de\/exhibitor-detail\/668\/kunsthaus-kende\" target=\"_blank\" rel=\"noreferrer noopener\"><img loading=\"lazy\" decoding=\"async\" width=\"680\" height=\"850\" src=\"https:\/\/kunsthaus-kende.de\/wp-content\/uploads\/brafa_2026_banner.jpg\" alt=\"BRAFA ART FAIR\" class=\"wp-image-34139\" style=\"width:250px\" title=\"BRAFA ART FAIR\" srcset=\"https:\/\/kunsthaus-kende.de\/wp-content\/uploads\/brafa_2026_banner.jpg 680w, https:\/\/kunsthaus-kende.de\/wp-content\/uploads\/brafa_2026_banner-480x600.jpg 480w\" sizes=\"auto, (max-width: 680px) 100vw, 680px\" \/><\/a><\/figure>\r\n<\/div>\r\n<\/div><\/div>\r\n\r\n<div class=\"gb-grid-column gb-grid-column-872bb25a_en\"><div class=\"gb-container gb-container-872bb25a_en\">\r\n\r\n<h2 class=\"gb-headline gb-headline-c30ae4bd_en gb-headline-text\"><a href=\"https:\/\/www.brafa.art\/de\/exhibitor-detail\/668\/kunsthaus-kende\" target=\"_blank\" rel=\"noreferrer noopener\">BRAFA ART FAIR<\/a><\/h2>\r\n\r\n\r\n\r\n<h3 class=\"gb-headline gb-headline-fbf12d19_en gb-headline-text\">BRUSSELS EXPO<\/h3>\r\n\r\n\r\n\r\n<p class=\"has-text-align-center\">from 25. January until 1. February 2026<br>Stand: 143<\/p>\r\n\r\n\r\n\r\n<p class=\"has-text-align-center\"><a href=\"https:\/\/kunsthaus-kende.de\/kontaktformular\/\"><\/a><a href=\"https:\/\/kunsthaus-kende.de\/en\/kontaktformular\/\">Tickets can be ordered from us on request<\/a>.<\/p>\r\n\r\n<\/div><\/div>\r\n<\/div>\r\n\r\n<div class=\"gb-container gb-container-09daaf52_en\">\r\n\r\n<h2 class=\"wp-block-heading has-text-align-center\" style=\"font-size:32px\">Previous Art Fair Participation<\/h2>\r\n\r\n\r\n<div class=\"gb-container gb-container-0c23e41a_en\">\r\n\r\n<div class=\"gb-element-5895a9b3_en 5895a9b3_en\">\r\n<div>\r\n<figure class=\"wp-block-image size-full is-style-default\"><a href=\"https:\/\/www.artantique-hofburg.at\/\" target=\"_blank\" rel=\" noreferrer noopener\"><img loading=\"lazy\" decoding=\"async\" width=\"512\" height=\"512\" src=\"https:\/\/kunsthaus-kende.de\/wp-content\/uploads\/art-antique_512.png\" alt=\"ART&amp;ANTIQUE\" class=\"wp-image-34229\" title=\"ART&amp;ANTIQUE\" srcset=\"https:\/\/kunsthaus-kende.de\/wp-content\/uploads\/art-antique_512.png 512w, https:\/\/kunsthaus-kende.de\/wp-content\/uploads\/art-antique_512-150x150.png 150w\" sizes=\"auto, (max-width: 512px) 100vw, 512px\" \/><\/a><\/figure>\r\n<\/div>\r\n\r\n\r\n\r\n<div>\r\n<figure class=\"wp-block-image size-full\"><a href=\"https:\/\/www.brafa.art\/\" target=\"_blank\" rel=\" noreferrer noopener\"><img loading=\"lazy\" decoding=\"async\" width=\"512\" height=\"512\" src=\"https:\/\/kunsthaus-kende.de\/wp-content\/uploads\/brafa-artfair_512.png\" alt=\"BRAFA ART FAIR\" class=\"wp-image-34230\" title=\"BRAFA ART FAIR\" srcset=\"https:\/\/kunsthaus-kende.de\/wp-content\/uploads\/brafa-artfair_512.png 512w, https:\/\/kunsthaus-kende.de\/wp-content\/uploads\/brafa-artfair_512-150x150.png 150w\" sizes=\"auto, (max-width: 512px) 100vw, 512px\" \/><\/a><\/figure>\r\n<\/div>\r\n\r\n\r\n\r\n<div>\r\n<figure class=\"wp-block-image size-full\"><a href=\"https:\/\/www.artcologne.de\/\" target=\"_blank\" rel=\" noreferrer noopener\"><img loading=\"lazy\" decoding=\"async\" width=\"512\" height=\"512\" src=\"https:\/\/kunsthaus-kende.de\/wp-content\/uploads\/cologne-fine-arts_512.png\" alt=\"Cologne Fine Art \/ Art Cologne\" class=\"wp-image-34231\" title=\"Cologne Fine Art \/ Art Cologne\" srcset=\"https:\/\/kunsthaus-kende.de\/wp-content\/uploads\/cologne-fine-arts_512.png 512w, https:\/\/kunsthaus-kende.de\/wp-content\/uploads\/cologne-fine-arts_512-150x150.png 150w\" sizes=\"auto, (max-width: 512px) 100vw, 512px\" \/><\/a><\/figure>\r\n<\/div>\r\n\r\n\r\n\r\n<div>\r\n<figure class=\"wp-block-image size-full\"><a href=\"https:\/\/munichhighlights.com\/\" target=\"_blank\" rel=\" noreferrer noopener\"><img loading=\"lazy\" decoding=\"async\" width=\"512\" height=\"512\" src=\"https:\/\/kunsthaus-kende.de\/wp-content\/uploads\/highlights_512.png\" alt=\"Highlights Internationale Kunstmesse M\u00fcnchen\" class=\"wp-image-34232\" title=\"Highlights Internationale Kunstmesse M\u00fcnchen\" srcset=\"https:\/\/kunsthaus-kende.de\/wp-content\/uploads\/highlights_512.png 512w, https:\/\/kunsthaus-kende.de\/wp-content\/uploads\/highlights_512-150x150.png 150w\" sizes=\"auto, (max-width: 512px) 100vw, 512px\" \/><\/a><\/figure>\r\n<\/div>\r\n<\/div>\r\n\r\n<\/div>\r\n<\/div>\r\n<\/div>\r\n\r\n<div class=\"gb-container gb-container-656076cb_en\" id=\"contact\">\r\n<div class=\"gb-container gb-container-4ddd3249_en\">\r\n\r\n<p class=\"has-text-align-right has-base-3-color has-text-color\"><strong>KUNSTHAUS KENDE<\/strong><br>Christopher Kende, Kunst und Antiquit\u00e4ten<\/p>\r\n\r\n\r\n\r\n<p class=\"has-text-align-right has-base-3-color has-text-color\">Bei der Fruchtschranne 10<br>72070 T\u00fcbingen<br>Deutschland<\/p>\r\n\r\n\r\n\r\n<p class=\"has-text-align-right has-base-3-color has-text-color\">Phone: 0049-(0)163 \/ 2 67 97 46<br>E-mail: <a href=\"mailto:info@kunsthaus-kende.de\" target=\"_blank\" rel=\"noreferrer noopener\">info@kunsthaus-kende.de<\/a><\/p>\r\n\r\n\r\n<div class=\"gb-button-wrapper gb-button-wrapper-186e8435_en\">\r\n\r\n<a class=\"gb-button gb-button-4e80a613_en gb-button-text 4e80a613_en\" href=\"https:\/\/kunsthaus-kende.de\/?page_id=853\">Contact<\/a>\r\n\r\n<\/div>\r\n<\/div>\r\n<\/div><\/div>","protected":false},"excerpt":{"rendered":"<p>Sales HighlightsSeltener Renaissance DeckelhumpenN\u00fcrnberg 1618-20 \u2022 MZ:&nbsp;Christoff KramerBedeutende, gro\u00dfe Ayaori-gane VaseSaitama 2019 \u2022 MZ: Takahiro IedeAu\u00dfergew\u00f6hnliche Hatsuri Tagane Feinsilber DeckeldoseYokohama um 2018 \u2022 MZ: Otsuki MasakoGeorge III Sterling Silber TeedoseLondon 1787 \u2022 MZ: Henry ChawnerArt D\u00e9co Sterling Silber BisquitdoseBirmingham 1938 \u2022 HZ: Mappin &amp; WebbNanako Zogan Vase, Silber, Gold, EisenKanazawa 2018 \u2022 MZ: Satoshi Hara &#8230; <a title=\"Home\" class=\"read-more\" href=\"https:\/\/kunsthaus-kende.de\/en\/\" aria-label=\"Read more about Home\">Read more<\/a><\/p>\n","protected":false},"author":6,"featured_media":0,"parent":0,"menu_order":1,"comment_status":"closed","ping_status":"closed","template":"","meta":{"footnotes":""},"class_list":["post-3554","page","type-page","status-publish"],"yoast_head":"<!-- This site is optimized with the Yoast SEO plugin v27.4 - https:\/\/yoast.com\/product\/yoast-seo-wordpress\/ -->\n<title>Kunsthaus Kende \u2013 Antique silver and design in silver<\/title>\n<meta name=\"description\" content=\"Since 2001 specializing in high-quality work in silver, sterling silver, antique silver of all styles and eras, classic, upscale silverware.\" \/>\n<meta name=\"robots\" content=\"index, follow, max-snippet:-1, max-image-preview:large, max-video-preview:-1\" \/>\n<link rel=\"canonical\" href=\"https:\/\/kunsthaus-kende.de\/en\/\" \/>\n<meta property=\"og:locale\" content=\"en_US\" \/>\n<meta property=\"og:type\" content=\"article\" \/>\n<meta property=\"og:title\" content=\"Kunsthaus Kende \u2013 Antique silver and design in silver\" \/>\n<meta property=\"og:description\" content=\"Since 2001 specializing in high-quality work in silver, sterling silver, antique silver of all styles and eras, classic, upscale silverware.\" \/>\n<meta property=\"og:url\" content=\"https:\/\/kunsthaus-kende.de\/en\/\" \/>\n<meta property=\"og:site_name\" content=\"Kunsthaus Kende\" \/>\n<meta property=\"article:modified_time\" content=\"2026-04-17T14:04:00+00:00\" \/>\n<meta property=\"og:image\" content=\"https:\/\/kunsthaus-kende.de\/wp-content\/uploads\/nuernberg-17.-jahrhundert-bierhumpen-classics-silberstempel.jpg\" \/>\n<meta name=\"twitter:card\" content=\"summary_large_image\" \/>\n<meta name=\"twitter:label1\" content=\"Est. reading time\" \/>\n\t<meta name=\"twitter:data1\" content=\"3 minutes\" \/>\n<script type=\"application\/ld+json\" class=\"yoast-schema-graph\">{\"@context\":\"https:\\\/\\\/schema.org\",\"@graph\":[{\"@type\":\"WebPage\",\"@id\":\"https:\\\/\\\/kunsthaus-kende.de\\\/en\\\/\",\"url\":\"https:\\\/\\\/kunsthaus-kende.de\\\/en\\\/\",\"name\":\"Kunsthaus Kende \u2013 Antique silver and design in silver\",\"isPartOf\":{\"@id\":\"https:\\\/\\\/kunsthaus-kende.de\\\/en\\\/#website\"},\"primaryImageOfPage\":{\"@id\":\"https:\\\/\\\/kunsthaus-kende.de\\\/en\\\/#primaryimage\"},\"image\":{\"@id\":\"https:\\\/\\\/kunsthaus-kende.de\\\/#primaryimage\"},\"thumbnailUrl\":\"https:\\\/\\\/kunsthaus-kende.de\\\/wp-content\\\/uploads\\\/nuernberg-17.-jahrhundert-bierhumpen-classics-silberstempel.jpg\",\"datePublished\":\"2022-02-02T12:36:38+00:00\",\"dateModified\":\"2026-04-17T14:04:00+00:00\",\"description\":\"Since 2001 specializing in high-quality work in silver, sterling silver, antique silver of all styles and eras, classic, upscale silverware.\",\"breadcrumb\":{\"@id\":\"https:\\\/\\\/kunsthaus-kende.de\\\/en\\\/#breadcrumb\"},\"inLanguage\":\"en-US\",\"potentialAction\":[{\"@type\":\"ReadAction\",\"target\":[[\"https:\\\/\\\/kunsthaus-kende.de\\\/en\\\/\"]]}]},{\"@type\":\"ImageObject\",\"inLanguage\":\"en-US\",\"@id\":\"https:\\\/\\\/kunsthaus-kende.de\\\/en\\\/#primaryimage\",\"url\":\"https:\\\/\\\/kunsthaus-kende.de\\\/wp-content\\\/uploads\\\/nuernberg-17.-jahrhundert-bierhumpen-classics-silberstempel.jpg\",\"contentUrl\":\"https:\\\/\\\/kunsthaus-kende.de\\\/wp-content\\\/uploads\\\/nuernberg-17.-jahrhundert-bierhumpen-classics-silberstempel.jpg\"},{\"@type\":\"BreadcrumbList\",\"@id\":\"https:\\\/\\\/kunsthaus-kende.de\\\/en\\\/#breadcrumb\",\"itemListElement\":[{\"@type\":\"ListItem\",\"position\":1,\"name\":\"Startseite\",\"item\":\"https:\\\/\\\/kunsthaus-kende.de\\\/en\\\/\"},{\"@type\":\"ListItem\",\"position\":2,\"name\":\"Home\"}]},{\"@type\":\"WebSite\",\"@id\":\"https:\\\/\\\/kunsthaus-kende.de\\\/en\\\/#website\",\"url\":\"https:\\\/\\\/kunsthaus-kende.de\\\/en\\\/\",\"name\":\"Kunsthaus Kende\",\"description\":\"Antikes Silber und Design in Silber\",\"publisher\":{\"@id\":\"https:\\\/\\\/kunsthaus-kende.de\\\/en\\\/#organization\"},\"potentialAction\":[{\"@type\":\"SearchAction\",\"target\":{\"@type\":\"EntryPoint\",\"urlTemplate\":\"https:\\\/\\\/kunsthaus-kende.de\\\/en\\\/?s={search_term_string}\"},\"query-input\":{\"@type\":\"PropertyValueSpecification\",\"valueRequired\":true,\"valueName\":\"search_term_string\"}}],\"inLanguage\":\"en-US\"},{\"@type\":\"Organization\",\"@id\":\"https:\\\/\\\/kunsthaus-kende.de\\\/en\\\/#organization\",\"name\":\"Kunsthaus Kende\",\"url\":\"https:\\\/\\\/kunsthaus-kende.de\\\/en\\\/\",\"logo\":{\"@type\":\"ImageObject\",\"inLanguage\":\"en-US\",\"@id\":\"https:\\\/\\\/kunsthaus-kende.de\\\/en\\\/#\\\/schema\\\/logo\\\/image\\\/\",\"url\":\"https:\\\/\\\/kunsthaus-kende.de\\\/wp-content\\\/uploads\\\/cropped-Kende_Logo_CW2016_72dpi_800x320px_neg-1.jpg\",\"contentUrl\":\"https:\\\/\\\/kunsthaus-kende.de\\\/wp-content\\\/uploads\\\/cropped-Kende_Logo_CW2016_72dpi_800x320px_neg-1.jpg\",\"width\":800,\"height\":317,\"caption\":\"Kunsthaus Kende\"},\"image\":{\"@id\":\"https:\\\/\\\/kunsthaus-kende.de\\\/en\\\/#\\\/schema\\\/logo\\\/image\\\/\"}}]}<\/script>\n<!-- \/ Yoast SEO plugin. -->","yoast_head_json":{"title":"Kunsthaus Kende \u2013 Antique silver and design in silver","description":"Since 2001 specializing in high-quality work in silver, sterling silver, antique silver of all styles and eras, classic, upscale silverware.","robots":{"index":"index","follow":"follow","max-snippet":"max-snippet:-1","max-image-preview":"max-image-preview:large","max-video-preview":"max-video-preview:-1"},"canonical":"https:\/\/kunsthaus-kende.de\/en\/","og_locale":"en_US","og_type":"article","og_title":"Kunsthaus Kende \u2013 Antique silver and design in silver","og_description":"Since 2001 specializing in high-quality work in silver, sterling silver, antique silver of all styles and eras, classic, upscale silverware.","og_url":"https:\/\/kunsthaus-kende.de\/en\/","og_site_name":"Kunsthaus Kende","article_modified_time":"2026-04-17T14:04:00+00:00","og_image":[{"url":"https:\/\/kunsthaus-kende.de\/wp-content\/uploads\/nuernberg-17.-jahrhundert-bierhumpen-classics-silberstempel.jpg","type":"","width":"","height":""}],"twitter_card":"summary_large_image","twitter_misc":{"Est. reading time":"3 minutes"},"schema":{"@context":"https:\/\/schema.org","@graph":[{"@type":"WebPage","@id":"https:\/\/kunsthaus-kende.de\/en\/","url":"https:\/\/kunsthaus-kende.de\/en\/","name":"Kunsthaus Kende \u2013 Antique silver and design in silver","isPartOf":{"@id":"https:\/\/kunsthaus-kende.de\/en\/#website"},"primaryImageOfPage":{"@id":"https:\/\/kunsthaus-kende.de\/en\/#primaryimage"},"image":{"@id":"https:\/\/kunsthaus-kende.de\/#primaryimage"},"thumbnailUrl":"https:\/\/kunsthaus-kende.de\/wp-content\/uploads\/nuernberg-17.-jahrhundert-bierhumpen-classics-silberstempel.jpg","datePublished":"2022-02-02T12:36:38+00:00","dateModified":"2026-04-17T14:04:00+00:00","description":"Since 2001 specializing in high-quality work in silver, sterling silver, antique silver of all styles and eras, classic, upscale silverware.","breadcrumb":{"@id":"https:\/\/kunsthaus-kende.de\/en\/#breadcrumb"},"inLanguage":"en-US","potentialAction":[{"@type":"ReadAction","target":[["https:\/\/kunsthaus-kende.de\/en\/"]]}]},{"@type":"ImageObject","inLanguage":"en-US","@id":"https:\/\/kunsthaus-kende.de\/en\/#primaryimage","url":"https:\/\/kunsthaus-kende.de\/wp-content\/uploads\/nuernberg-17.-jahrhundert-bierhumpen-classics-silberstempel.jpg","contentUrl":"https:\/\/kunsthaus-kende.de\/wp-content\/uploads\/nuernberg-17.-jahrhundert-bierhumpen-classics-silberstempel.jpg"},{"@type":"BreadcrumbList","@id":"https:\/\/kunsthaus-kende.de\/en\/#breadcrumb","itemListElement":[{"@type":"ListItem","position":1,"name":"Startseite","item":"https:\/\/kunsthaus-kende.de\/en\/"},{"@type":"ListItem","position":2,"name":"Home"}]},{"@type":"WebSite","@id":"https:\/\/kunsthaus-kende.de\/en\/#website","url":"https:\/\/kunsthaus-kende.de\/en\/","name":"Kunsthaus Kende","description":"Antikes Silber und Design in Silber","publisher":{"@id":"https:\/\/kunsthaus-kende.de\/en\/#organization"},"potentialAction":[{"@type":"SearchAction","target":{"@type":"EntryPoint","urlTemplate":"https:\/\/kunsthaus-kende.de\/en\/?s={search_term_string}"},"query-input":{"@type":"PropertyValueSpecification","valueRequired":true,"valueName":"search_term_string"}}],"inLanguage":"en-US"},{"@type":"Organization","@id":"https:\/\/kunsthaus-kende.de\/en\/#organization","name":"Kunsthaus Kende","url":"https:\/\/kunsthaus-kende.de\/en\/","logo":{"@type":"ImageObject","inLanguage":"en-US","@id":"https:\/\/kunsthaus-kende.de\/en\/#\/schema\/logo\/image\/","url":"https:\/\/kunsthaus-kende.de\/wp-content\/uploads\/cropped-Kende_Logo_CW2016_72dpi_800x320px_neg-1.jpg","contentUrl":"https:\/\/kunsthaus-kende.de\/wp-content\/uploads\/cropped-Kende_Logo_CW2016_72dpi_800x320px_neg-1.jpg","width":800,"height":317,"caption":"Kunsthaus Kende"},"image":{"@id":"https:\/\/kunsthaus-kende.de\/en\/#\/schema\/logo\/image\/"}}]}},"_links":{"self":[{"href":"https:\/\/kunsthaus-kende.de\/en\/wp-json\/wp\/v2\/pages\/3554","targetHints":{"allow":["GET"]}}],"collection":[{"href":"https:\/\/kunsthaus-kende.de\/en\/wp-json\/wp\/v2\/pages"}],"about":[{"href":"https:\/\/kunsthaus-kende.de\/en\/wp-json\/wp\/v2\/types\/page"}],"author":[{"embeddable":true,"href":"https:\/\/kunsthaus-kende.de\/en\/wp-json\/wp\/v2\/users\/6"}],"replies":[{"embeddable":true,"href":"https:\/\/kunsthaus-kende.de\/en\/wp-json\/wp\/v2\/comments?post=3554"}],"version-history":[{"count":58,"href":"https:\/\/kunsthaus-kende.de\/en\/wp-json\/wp\/v2\/pages\/3554\/revisions"}],"predecessor-version":[{"id":35393,"href":"https:\/\/kunsthaus-kende.de\/en\/wp-json\/wp\/v2\/pages\/3554\/revisions\/35393"}],"wp:attachment":[{"href":"https:\/\/kunsthaus-kende.de\/en\/wp-json\/wp\/v2\/media?parent=3554"}],"curies":[{"name":"wp","href":"https:\/\/api.w.org\/{rel}","templated":true}]}}